{"id":553,"date":"2023-06-07T09:25:43","date_gmt":"2023-06-07T09:25:43","guid":{"rendered":"https:\/\/myauraagency.com\/?page_id=553"},"modified":"2024-09-26T08:40:35","modified_gmt":"2024-09-26T08:40:35","slug":"webdesign","status":"publish","type":"page","link":"https:\/\/myauraagency.com\/en\/webdesign\/","title":{"rendered":"Webdesign"},"content":{"rendered":"<div data-elementor-type=\"wp-page\" data-elementor-id=\"553\" class=\"elementor elementor-553\">\n\t\t\t\t<div class=\"elementor-element elementor-element-05f2b1b e-flex e-con-boxed wpr-particle-no wpr-jarallax-no wpr-parallax-no wpr-sticky-section-no e-con e-parent\" data-id=\"05f2b1b\" data-element_type=\"container\" data-e-type=\"container\" data-settings=\"{&quot;background_background&quot;:&quot;classic&quot;}\">\n\t\t\t\t\t<div class=\"e-con-inner\">\n\t\t\t\t<div class=\"elementor-element elementor-element-c1d4b84 elementor-widget elementor-widget-heading\" data-id=\"c1d4b84\" data-element_type=\"widget\" data-e-type=\"widget\" data-widget_type=\"heading.default\">\n\t\t\t\t<div class=\"elementor-widget-container\">\n\t\t\t\t\t<h1 class=\"elementor-heading-title elementor-size-default\">Webdesign<\/h1>\t\t\t\t<\/div>\n\t\t\t\t<\/div>\n\t\t\t\t<div class=\"elementor-element elementor-element-bc4510f elementor-widget elementor-widget-heading\" data-id=\"bc4510f\" data-element_type=\"widget\" data-e-type=\"widget\" data-widget_type=\"heading.default\">\n\t\t\t\t<div class=\"elementor-widget-container\">\n\t\t\t\t\t<h3 class=\"elementor-heading-title elementor-size-default\">Webdesign Agency<\/h3>\t\t\t\t<\/div>\n\t\t\t\t<\/div>\n\t\t\t\t\t<\/div>\n\t\t\t\t<\/div>\n\t\t<div class=\"elementor-element elementor-element-75d5c1d e-flex e-con-boxed wpr-particle-no wpr-jarallax-no wpr-parallax-no wpr-sticky-section-no e-con e-parent\" data-id=\"75d5c1d\" data-element_type=\"container\" data-e-type=\"container\" data-settings=\"{&quot;background_background&quot;:&quot;classic&quot;}\">\n\t\t\t\t\t<div class=\"e-con-inner\">\n\t\t<div class=\"elementor-element elementor-element-d8355ef e-con-full e-flex wpr-particle-no wpr-jarallax-no wpr-parallax-no wpr-sticky-section-no e-con e-child\" data-id=\"d8355ef\" data-element_type=\"container\" data-e-type=\"container\" data-settings=\"{&quot;background_background&quot;:&quot;classic&quot;}\">\n\t\t\t\t<div class=\"elementor-element elementor-element-95329a7 elementor-widget elementor-widget-spacer\" data-id=\"95329a7\" data-element_type=\"widget\" data-e-type=\"widget\" data-widget_type=\"spacer.default\">\n\t\t\t\t<div class=\"elementor-widget-container\">\n\t\t\t\t\t\t\t<div class=\"elementor-spacer\">\n\t\t\t<div class=\"elementor-spacer-inner\"><\/div>\n\t\t<\/div>\n\t\t\t\t\t\t<\/div>\n\t\t\t\t<\/div>\n\t\t\t\t<\/div>\n\t\t<div class=\"elementor-element elementor-element-5966ce2 e-con-full e-flex wpr-particle-no wpr-jarallax-no wpr-parallax-no wpr-sticky-section-no e-con e-child\" data-id=\"5966ce2\" data-element_type=\"container\" data-e-type=\"container\">\n\t\t\t\t<div class=\"elementor-element elementor-element-70eb4d7 elementor-widget elementor-widget-heading\" data-id=\"70eb4d7\" data-element_type=\"widget\" data-e-type=\"widget\" data-widget_type=\"heading.default\">\n\t\t\t\t<div class=\"elementor-widget-container\">\n\t\t\t\t\t<h2 class=\"elementor-heading-title elementor-size-default\">An optimized interface<\/h2>\t\t\t\t<\/div>\n\t\t\t\t<\/div>\n\t\t\t\t<div class=\"elementor-element elementor-element-d925cfe elementor-widget elementor-widget-heading\" data-id=\"d925cfe\" data-element_type=\"widget\" data-e-type=\"widget\" data-widget_type=\"heading.default\">\n\t\t\t\t<div class=\"elementor-widget-container\">\n\t\t\t\t\t<h3 class=\"elementor-heading-title elementor-size-default\">For a high acquisition rate<\/h3>\t\t\t\t<\/div>\n\t\t\t\t<\/div>\n\t\t\t\t<div class=\"elementor-element elementor-element-e9fc1a8 elementor-widget elementor-widget-text-editor\" data-id=\"e9fc1a8\" data-element_type=\"widget\" data-e-type=\"widget\" data-widget_type=\"text-editor.default\">\n\t\t\t\t<div class=\"elementor-widget-container\">\n\t\t\t\t\t\t\t\t\t<p class=\"p1\">My Aura Agency offers a personalized web design service to create attractive and high-performing websites. We blend aesthetics, user-friendliness, and functionality to deliver an optimal user experience. Our team crafts unique interfaces that captivate visitors and enhance your brand's credibility.<\/p><p class=\"p1\">Whether you need a showcase website, an online store, or a complex platform, we implement the latest trends in web design to help you stand out in a competitive digital world.<\/p>\t\t\t\t\t\t\t\t<\/div>\n\t\t\t\t<\/div>\n\t\t\t\t<\/div>\n\t\t\t\t\t<\/div>\n\t\t\t\t<\/div>\n\t\t\t\t<\/div>","protected":false},"excerpt":{"rendered":"<p>Webdesign Agence de webdesign Une interface optimis\u00e9e Pour un taux d&rsquo;acquisition \u00e9lev\u00e9 My Aura Agency vous propose un service de webdesign personnalis\u00e9 afin de cr\u00e9er des sites web attrayants et performants. Nous combinons esth\u00e9tique, convivialit\u00e9 et fonctionnalit\u00e9s pour offrir une &hellip; <a class=\"kt-excerpt-readmore more-link\" href=\"https:\/\/myauraagency.com\/en\/webdesign\/\">Read More<\/a><\/p>","protected":false},"author":1,"featured_media":0,"parent":0,"menu_order":0,"comment_status":"closed","ping_status":"closed","template":"elementor_header_footer","meta":{"_monsterinsights_skip_tracking":false,"_monsterinsights_sitenote_active":false,"_monsterinsights_sitenote_note":"","_monsterinsights_sitenote_category":0,"footnotes":""},"class_list":["post-553","page","type-page","status-publish","hentry"],"yoast_head":"<!-- This site is optimized with the Yoast SEO plugin v27.3 - https:\/\/yoast.com\/product\/yoast-seo-wordpress\/ -->\n<title>Webdesign - My Aura Agency<\/title>\n<meta name=\"robots\" content=\"index, follow, max-snippet:-1, max-image-preview:large, max-video-preview:-1\" \/>\n<link rel=\"canonical\" href=\"https:\/\/myauraagency.com\/en\/webdesign\/\" \/>\n<meta property=\"og:locale\" content=\"en_US\" \/>\n<meta property=\"og:type\" content=\"article\" \/>\n<meta property=\"og:title\" content=\"Webdesign - My Aura Agency\" \/>\n<meta property=\"og:description\" content=\"Webdesign Agence de webdesign Une interface optimis\u00e9e Pour un taux d&rsquo;acquisition \u00e9lev\u00e9 My Aura Agency vous propose un service de webdesign personnalis\u00e9 afin de cr\u00e9er des sites web attrayants et performants. Nous combinons esth\u00e9tique, convivialit\u00e9 et fonctionnalit\u00e9s pour offrir une &hellip; Read More\" \/>\n<meta property=\"og:url\" content=\"https:\/\/myauraagency.com\/en\/webdesign\/\" \/>\n<meta property=\"og:site_name\" content=\"My Aura Agency\" \/>\n<meta property=\"article:publisher\" content=\"https:\/\/www.facebook.com\/profile.php?id=100093512554194\" \/>\n<meta property=\"article:modified_time\" content=\"2024-09-26T08:40:35+00:00\" \/>\n<meta name=\"twitter:card\" content=\"summary_large_image\" \/>\n<meta name=\"twitter:label1\" content=\"Est. reading time\" \/>\n\t<meta name=\"twitter:data1\" content=\"1 minute\" \/>\n<script type=\"application\/ld+json\" class=\"yoast-schema-graph\">{\"@context\":\"https:\\\/\\\/schema.org\",\"@graph\":[{\"@type\":\"WebPage\",\"@id\":\"https:\\\/\\\/myauraagency.com\\\/webdesign\\\/\",\"url\":\"https:\\\/\\\/myauraagency.com\\\/webdesign\\\/\",\"name\":\"Webdesign - My Aura Agency\",\"isPartOf\":{\"@id\":\"https:\\\/\\\/myauraagency.com\\\/#website\"},\"datePublished\":\"2023-06-07T09:25:43+00:00\",\"dateModified\":\"2024-09-26T08:40:35+00:00\",\"breadcrumb\":{\"@id\":\"https:\\\/\\\/myauraagency.com\\\/webdesign\\\/#breadcrumb\"},\"inLanguage\":\"en-US\",\"potentialAction\":[{\"@type\":\"ReadAction\",\"target\":[\"https:\\\/\\\/myauraagency.com\\\/webdesign\\\/\"]}]},{\"@type\":\"BreadcrumbList\",\"@id\":\"https:\\\/\\\/myauraagency.com\\\/webdesign\\\/#breadcrumb\",\"itemListElement\":[{\"@type\":\"ListItem\",\"position\":1,\"name\":\"Accueil\",\"item\":\"https:\\\/\\\/myauraagency.com\\\/\"},{\"@type\":\"ListItem\",\"position\":2,\"name\":\"Webdesign\"}]},{\"@type\":\"WebSite\",\"@id\":\"https:\\\/\\\/myauraagency.com\\\/#website\",\"url\":\"https:\\\/\\\/myauraagency.com\\\/\",\"name\":\"My Aura Agency\",\"description\":\"\",\"publisher\":{\"@id\":\"https:\\\/\\\/myauraagency.com\\\/#organization\"},\"potentialAction\":[{\"@type\":\"SearchAction\",\"target\":{\"@type\":\"EntryPoint\",\"urlTemplate\":\"https:\\\/\\\/myauraagency.com\\\/?s={search_term_string}\"},\"query-input\":{\"@type\":\"PropertyValueSpecification\",\"valueRequired\":true,\"valueName\":\"search_term_string\"}}],\"inLanguage\":\"en-US\"},{\"@type\":\"Organization\",\"@id\":\"https:\\\/\\\/myauraagency.com\\\/#organization\",\"name\":\"My Aura Agency\",\"url\":\"https:\\\/\\\/myauraagency.com\\\/\",\"logo\":{\"@type\":\"ImageObject\",\"inLanguage\":\"en-US\",\"@id\":\"https:\\\/\\\/myauraagency.com\\\/#\\\/schema\\\/logo\\\/image\\\/\",\"url\":\"https:\\\/\\\/myauraagency.com\\\/wp-content\\\/uploads\\\/2023\\\/06\\\/logo-my-aura-agency-communication.svg\",\"contentUrl\":\"https:\\\/\\\/myauraagency.com\\\/wp-content\\\/uploads\\\/2023\\\/06\\\/logo-my-aura-agency-communication.svg\",\"width\":567,\"height\":251,\"caption\":\"My Aura Agency\"},\"image\":{\"@id\":\"https:\\\/\\\/myauraagency.com\\\/#\\\/schema\\\/logo\\\/image\\\/\"},\"sameAs\":[\"https:\\\/\\\/www.facebook.com\\\/profile.php?id=100093512554194\",\"https:\\\/\\\/www.instagram.com\\\/myauraagency\\\/\"]}]}<\/script>\n<!-- \/ Yoast SEO plugin. -->","yoast_head_json":{"title":"Webdesign - My Aura Agency","robots":{"index":"index","follow":"follow","max-snippet":"max-snippet:-1","max-image-preview":"max-image-preview:large","max-video-preview":"max-video-preview:-1"},"canonical":"https:\/\/myauraagency.com\/en\/webdesign\/","og_locale":"en_US","og_type":"article","og_title":"Webdesign - My Aura Agency","og_description":"Webdesign Agence de webdesign Une interface optimis\u00e9e Pour un taux d&rsquo;acquisition \u00e9lev\u00e9 My Aura Agency vous propose un service de webdesign personnalis\u00e9 afin de cr\u00e9er des sites web attrayants et performants. Nous combinons esth\u00e9tique, convivialit\u00e9 et fonctionnalit\u00e9s pour offrir une &hellip; Read More","og_url":"https:\/\/myauraagency.com\/en\/webdesign\/","og_site_name":"My Aura Agency","article_publisher":"https:\/\/www.facebook.com\/profile.php?id=100093512554194","article_modified_time":"2024-09-26T08:40:35+00:00","twitter_card":"summary_large_image","twitter_misc":{"Est. reading time":"1 minute"},"schema":{"@context":"https:\/\/schema.org","@graph":[{"@type":"WebPage","@id":"https:\/\/myauraagency.com\/webdesign\/","url":"https:\/\/myauraagency.com\/webdesign\/","name":"Webdesign - My Aura Agency","isPartOf":{"@id":"https:\/\/myauraagency.com\/#website"},"datePublished":"2023-06-07T09:25:43+00:00","dateModified":"2024-09-26T08:40:35+00:00","breadcrumb":{"@id":"https:\/\/myauraagency.com\/webdesign\/#breadcrumb"},"inLanguage":"en-US","potentialAction":[{"@type":"ReadAction","target":["https:\/\/myauraagency.com\/webdesign\/"]}]},{"@type":"BreadcrumbList","@id":"https:\/\/myauraagency.com\/webdesign\/#breadcrumb","itemListElement":[{"@type":"ListItem","position":1,"name":"Accueil","item":"https:\/\/myauraagency.com\/"},{"@type":"ListItem","position":2,"name":"Webdesign"}]},{"@type":"WebSite","@id":"https:\/\/myauraagency.com\/#website","url":"https:\/\/myauraagency.com\/","name":"My Aura Agency","description":"","publisher":{"@id":"https:\/\/myauraagency.com\/#organization"},"potentialAction":[{"@type":"SearchAction","target":{"@type":"EntryPoint","urlTemplate":"https:\/\/myauraagency.com\/?s={search_term_string}"},"query-input":{"@type":"PropertyValueSpecification","valueRequired":true,"valueName":"search_term_string"}}],"inLanguage":"en-US"},{"@type":"Organization","@id":"https:\/\/myauraagency.com\/#organization","name":"My Aura Agency","url":"https:\/\/myauraagency.com\/","logo":{"@type":"ImageObject","inLanguage":"en-US","@id":"https:\/\/myauraagency.com\/#\/schema\/logo\/image\/","url":"https:\/\/myauraagency.com\/wp-content\/uploads\/2023\/06\/logo-my-aura-agency-communication.svg","contentUrl":"https:\/\/myauraagency.com\/wp-content\/uploads\/2023\/06\/logo-my-aura-agency-communication.svg","width":567,"height":251,"caption":"My Aura Agency"},"image":{"@id":"https:\/\/myauraagency.com\/#\/schema\/logo\/image\/"},"sameAs":["https:\/\/www.facebook.com\/profile.php?id=100093512554194","https:\/\/www.instagram.com\/myauraagency\/"]}]}},"_links":{"self":[{"href":"https:\/\/myauraagency.com\/en\/wp-json\/wp\/v2\/pages\/553","targetHints":{"allow":["GET"]}}],"collection":[{"href":"https:\/\/myauraagency.com\/en\/wp-json\/wp\/v2\/pages"}],"about":[{"href":"https:\/\/myauraagency.com\/en\/wp-json\/wp\/v2\/types\/page"}],"author":[{"embeddable":true,"href":"https:\/\/myauraagency.com\/en\/wp-json\/wp\/v2\/users\/1"}],"replies":[{"embeddable":true,"href":"https:\/\/myauraagency.com\/en\/wp-json\/wp\/v2\/comments?post=553"}],"version-history":[{"count":34,"href":"https:\/\/myauraagency.com\/en\/wp-json\/wp\/v2\/pages\/553\/revisions"}],"predecessor-version":[{"id":3090,"href":"https:\/\/myauraagency.com\/en\/wp-json\/wp\/v2\/pages\/553\/revisions\/3090"}],"wp:attachment":[{"href":"https:\/\/myauraagency.com\/en\/wp-json\/wp\/v2\/media?parent=553"}],"curies":[{"name":"wp","href":"https:\/\/api.w.org\/{rel}","templated":true}]}}