{"id":563,"date":"2023-06-07T09:34:39","date_gmt":"2023-06-07T09:34:39","guid":{"rendered":"https:\/\/myauraagency.com\/?page_id=563"},"modified":"2024-09-26T09:05:23","modified_gmt":"2024-09-26T09:05:23","slug":"video-motion","status":"publish","type":"page","link":"https:\/\/myauraagency.com\/en\/video-motion\/","title":{"rendered":"Motion video"},"content":{"rendered":"<div data-elementor-type=\"wp-page\" data-elementor-id=\"563\" class=\"elementor elementor-563\">\n\t\t\t\t<div class=\"elementor-element elementor-element-c263b1c e-flex e-con-boxed wpr-particle-no wpr-jarallax-no wpr-parallax-no wpr-sticky-section-no e-con e-parent\" data-id=\"c263b1c\" data-element_type=\"container\" data-e-type=\"container\" data-settings=\"{&quot;background_background&quot;:&quot;classic&quot;}\">\n\t\t\t\t\t<div class=\"e-con-inner\">\n\t\t\t\t<div class=\"elementor-element elementor-element-78c8016 elementor-widget elementor-widget-heading\" data-id=\"78c8016\" data-element_type=\"widget\" data-e-type=\"widget\" data-widget_type=\"heading.default\">\n\t\t\t\t<div class=\"elementor-widget-container\">\n\t\t\t\t\t<h1 class=\"elementor-heading-title elementor-size-default\">Vid\u00e9o en motion<\/h1>\t\t\t\t<\/div>\n\t\t\t\t<\/div>\n\t\t\t\t<div class=\"elementor-element elementor-element-ef68e2a elementor-widget elementor-widget-heading\" data-id=\"ef68e2a\" data-element_type=\"widget\" data-e-type=\"widget\" data-widget_type=\"heading.default\">\n\t\t\t\t<div class=\"elementor-widget-container\">\n\t\t\t\t\t<h3 class=\"elementor-heading-title elementor-size-default\">Agence audiovisuelle<\/h3>\t\t\t\t<\/div>\n\t\t\t\t<\/div>\n\t\t\t\t\t<\/div>\n\t\t\t\t<\/div>\n\t\t<div class=\"elementor-element elementor-element-3a6165c e-flex e-con-boxed wpr-particle-no wpr-jarallax-no wpr-parallax-no wpr-sticky-section-no e-con e-parent\" data-id=\"3a6165c\" data-element_type=\"container\" data-e-type=\"container\" data-settings=\"{&quot;background_background&quot;:&quot;classic&quot;}\">\n\t\t\t\t\t<div class=\"e-con-inner\">\n\t\t<div class=\"elementor-element elementor-element-92517d2 e-con-full e-flex wpr-particle-no wpr-jarallax-no wpr-parallax-no wpr-sticky-section-no e-con e-child\" data-id=\"92517d2\" data-element_type=\"container\" data-e-type=\"container\" data-settings=\"{&quot;background_background&quot;:&quot;classic&quot;}\">\n\t\t\t\t<div class=\"elementor-element elementor-element-16fcf57 elementor-widget elementor-widget-spacer\" data-id=\"16fcf57\" data-element_type=\"widget\" data-e-type=\"widget\" data-widget_type=\"spacer.default\">\n\t\t\t\t<div class=\"elementor-widget-container\">\n\t\t\t\t\t\t\t<div class=\"elementor-spacer\">\n\t\t\t<div class=\"elementor-spacer-inner\"><\/div>\n\t\t<\/div>\n\t\t\t\t\t\t<\/div>\n\t\t\t\t<\/div>\n\t\t\t\t<\/div>\n\t\t<div class=\"elementor-element elementor-element-0101990 e-con-full e-flex wpr-particle-no wpr-jarallax-no wpr-parallax-no wpr-sticky-section-no e-con e-child\" data-id=\"0101990\" data-element_type=\"container\" data-e-type=\"container\">\n\t\t\t\t<div class=\"elementor-element elementor-element-12521c0 elementor-widget elementor-widget-heading\" data-id=\"12521c0\" data-element_type=\"widget\" data-e-type=\"widget\" data-widget_type=\"heading.default\">\n\t\t\t\t<div class=\"elementor-widget-container\">\n\t\t\t\t\t<h2 class=\"elementor-heading-title elementor-size-default\">Le motion design<\/h2>\t\t\t\t<\/div>\n\t\t\t\t<\/div>\n\t\t\t\t<div class=\"elementor-element elementor-element-692accf elementor-widget elementor-widget-heading\" data-id=\"692accf\" data-element_type=\"widget\" data-e-type=\"widget\" data-widget_type=\"heading.default\">\n\t\t\t\t<div class=\"elementor-widget-container\">\n\t\t\t\t\t<h3 class=\"elementor-heading-title elementor-size-default\">Animer des logos, des infographies, des illustrations...<\/h3>\t\t\t\t<\/div>\n\t\t\t\t<\/div>\n\t\t\t\t<div class=\"elementor-element elementor-element-c797997 elementor-widget elementor-widget-text-editor\" data-id=\"c797997\" data-element_type=\"widget\" data-e-type=\"widget\" data-widget_type=\"text-editor.default\">\n\t\t\t\t<div class=\"elementor-widget-container\">\n\t\t\t\t\t\t\t\t\t<p class=\"p1\">Notre agence de communication vous propose un service de motion design dynamique et captivant. Le motion design consiste \u00e0 donner vie \u00e0 des \u00e9l\u00e9ments graphiques gr\u00e2ce \u00e0 des animations fluides et attrayantes. Nous utilisons des techniques cr\u00e9atives pour raconter des histoires visuelles, transmettre des messages cl\u00e9s et susciter l&rsquo;engagement de votre public cible. Que ce soit pour des vid\u00e9os promotionnelles, des pr\u00e9sentations, des publicit\u00e9s ou des contenus pour les r\u00e9seaux sociaux, nous apportons une dimension visuelle et narrative immersive \u00e0 vos projets. Le motion design donne du mouvement, de la personnalit\u00e9 et de l&rsquo;impact \u00e0 vos communications, vous permettant ainsi de vous d\u00e9marquer et de captiver votre audience de mani\u00e8re m\u00e9morable.<\/p>\t\t\t\t\t\t\t\t<\/div>\n\t\t\t\t<\/div>\n\t\t\t\t<\/div>\n\t\t\t\t\t<\/div>\n\t\t\t\t<\/div>\n\t\t\t\t<\/div>","protected":false},"excerpt":{"rendered":"<p>Vid\u00e9o en motion Agence audiovisuelle Le motion design Animer des logos, des infographies, des illustrations&#8230; Notre agence de communication vous propose un service de motion design dynamique et captivant. Le motion design consiste \u00e0 donner vie \u00e0 des \u00e9l\u00e9ments graphiques &hellip; <a class=\"kt-excerpt-readmore more-link\" href=\"https:\/\/myauraagency.com\/en\/video-motion\/\">Read More<\/a><\/p>","protected":false},"author":1,"featured_media":0,"parent":0,"menu_order":0,"comment_status":"closed","ping_status":"closed","template":"elementor_header_footer","meta":{"_monsterinsights_skip_tracking":false,"_monsterinsights_sitenote_active":false,"_monsterinsights_sitenote_note":"","_monsterinsights_sitenote_category":0,"footnotes":""},"class_list":["post-563","page","type-page","status-publish","hentry"],"yoast_head":"<!-- This site is optimized with the Yoast SEO plugin v27.3 - https:\/\/yoast.com\/product\/yoast-seo-wordpress\/ -->\n<title>Vid\u00e9o Motion - My Aura Agency<\/title>\n<meta name=\"robots\" content=\"index, follow, max-snippet:-1, max-image-preview:large, max-video-preview:-1\" \/>\n<link rel=\"canonical\" href=\"https:\/\/myauraagency.com\/en\/video-motion\/\" \/>\n<meta property=\"og:locale\" content=\"en_US\" \/>\n<meta property=\"og:type\" content=\"article\" \/>\n<meta property=\"og:title\" content=\"Vid\u00e9o Motion - My Aura Agency\" \/>\n<meta property=\"og:description\" content=\"Vid\u00e9o en motion Agence audiovisuelle Le motion design Animer des logos, des infographies, des illustrations&#8230; Notre agence de communication vous propose un service de motion design dynamique et captivant. Le motion design consiste \u00e0 donner vie \u00e0 des \u00e9l\u00e9ments graphiques &hellip; Read More\" \/>\n<meta property=\"og:url\" content=\"https:\/\/myauraagency.com\/en\/video-motion\/\" \/>\n<meta property=\"og:site_name\" content=\"My Aura Agency\" \/>\n<meta property=\"article:publisher\" content=\"https:\/\/www.facebook.com\/profile.php?id=100093512554194\" \/>\n<meta property=\"article:modified_time\" content=\"2024-09-26T09:05:23+00:00\" \/>\n<meta name=\"twitter:card\" content=\"summary_large_image\" \/>\n<meta name=\"twitter:label1\" content=\"Est. reading time\" \/>\n\t<meta name=\"twitter:data1\" content=\"1 minute\" \/>\n<script type=\"application\/ld+json\" class=\"yoast-schema-graph\">{\"@context\":\"https:\\\/\\\/schema.org\",\"@graph\":[{\"@type\":\"WebPage\",\"@id\":\"https:\\\/\\\/myauraagency.com\\\/video-motion\\\/\",\"url\":\"https:\\\/\\\/myauraagency.com\\\/video-motion\\\/\",\"name\":\"Vid\u00e9o Motion - My Aura Agency\",\"isPartOf\":{\"@id\":\"https:\\\/\\\/myauraagency.com\\\/#website\"},\"datePublished\":\"2023-06-07T09:34:39+00:00\",\"dateModified\":\"2024-09-26T09:05:23+00:00\",\"breadcrumb\":{\"@id\":\"https:\\\/\\\/myauraagency.com\\\/video-motion\\\/#breadcrumb\"},\"inLanguage\":\"en-US\",\"potentialAction\":[{\"@type\":\"ReadAction\",\"target\":[\"https:\\\/\\\/myauraagency.com\\\/video-motion\\\/\"]}]},{\"@type\":\"BreadcrumbList\",\"@id\":\"https:\\\/\\\/myauraagency.com\\\/video-motion\\\/#breadcrumb\",\"itemListElement\":[{\"@type\":\"ListItem\",\"position\":1,\"name\":\"Accueil\",\"item\":\"https:\\\/\\\/myauraagency.com\\\/\"},{\"@type\":\"ListItem\",\"position\":2,\"name\":\"Vid\u00e9o Motion\"}]},{\"@type\":\"WebSite\",\"@id\":\"https:\\\/\\\/myauraagency.com\\\/#website\",\"url\":\"https:\\\/\\\/myauraagency.com\\\/\",\"name\":\"My Aura Agency\",\"description\":\"\",\"publisher\":{\"@id\":\"https:\\\/\\\/myauraagency.com\\\/#organization\"},\"potentialAction\":[{\"@type\":\"SearchAction\",\"target\":{\"@type\":\"EntryPoint\",\"urlTemplate\":\"https:\\\/\\\/myauraagency.com\\\/?s={search_term_string}\"},\"query-input\":{\"@type\":\"PropertyValueSpecification\",\"valueRequired\":true,\"valueName\":\"search_term_string\"}}],\"inLanguage\":\"en-US\"},{\"@type\":\"Organization\",\"@id\":\"https:\\\/\\\/myauraagency.com\\\/#organization\",\"name\":\"My Aura Agency\",\"url\":\"https:\\\/\\\/myauraagency.com\\\/\",\"logo\":{\"@type\":\"ImageObject\",\"inLanguage\":\"en-US\",\"@id\":\"https:\\\/\\\/myauraagency.com\\\/#\\\/schema\\\/logo\\\/image\\\/\",\"url\":\"https:\\\/\\\/myauraagency.com\\\/wp-content\\\/uploads\\\/2023\\\/06\\\/logo-my-aura-agency-communication.svg\",\"contentUrl\":\"https:\\\/\\\/myauraagency.com\\\/wp-content\\\/uploads\\\/2023\\\/06\\\/logo-my-aura-agency-communication.svg\",\"width\":567,\"height\":251,\"caption\":\"My Aura Agency\"},\"image\":{\"@id\":\"https:\\\/\\\/myauraagency.com\\\/#\\\/schema\\\/logo\\\/image\\\/\"},\"sameAs\":[\"https:\\\/\\\/www.facebook.com\\\/profile.php?id=100093512554194\",\"https:\\\/\\\/www.instagram.com\\\/myauraagency\\\/\"]}]}<\/script>\n<!-- \/ Yoast SEO plugin. -->","yoast_head_json":{"title":"Vid\u00e9o Motion - My Aura Agency","robots":{"index":"index","follow":"follow","max-snippet":"max-snippet:-1","max-image-preview":"max-image-preview:large","max-video-preview":"max-video-preview:-1"},"canonical":"https:\/\/myauraagency.com\/en\/video-motion\/","og_locale":"en_US","og_type":"article","og_title":"Vid\u00e9o Motion - My Aura Agency","og_description":"Vid\u00e9o en motion Agence audiovisuelle Le motion design Animer des logos, des infographies, des illustrations&#8230; Notre agence de communication vous propose un service de motion design dynamique et captivant. Le motion design consiste \u00e0 donner vie \u00e0 des \u00e9l\u00e9ments graphiques &hellip; Read More","og_url":"https:\/\/myauraagency.com\/en\/video-motion\/","og_site_name":"My Aura Agency","article_publisher":"https:\/\/www.facebook.com\/profile.php?id=100093512554194","article_modified_time":"2024-09-26T09:05:23+00:00","twitter_card":"summary_large_image","twitter_misc":{"Est. reading time":"1 minute"},"schema":{"@context":"https:\/\/schema.org","@graph":[{"@type":"WebPage","@id":"https:\/\/myauraagency.com\/video-motion\/","url":"https:\/\/myauraagency.com\/video-motion\/","name":"Vid\u00e9o Motion - My Aura Agency","isPartOf":{"@id":"https:\/\/myauraagency.com\/#website"},"datePublished":"2023-06-07T09:34:39+00:00","dateModified":"2024-09-26T09:05:23+00:00","breadcrumb":{"@id":"https:\/\/myauraagency.com\/video-motion\/#breadcrumb"},"inLanguage":"en-US","potentialAction":[{"@type":"ReadAction","target":["https:\/\/myauraagency.com\/video-motion\/"]}]},{"@type":"BreadcrumbList","@id":"https:\/\/myauraagency.com\/video-motion\/#breadcrumb","itemListElement":[{"@type":"ListItem","position":1,"name":"Accueil","item":"https:\/\/myauraagency.com\/"},{"@type":"ListItem","position":2,"name":"Vid\u00e9o Motion"}]},{"@type":"WebSite","@id":"https:\/\/myauraagency.com\/#website","url":"https:\/\/myauraagency.com\/","name":"My Aura Agency","description":"","publisher":{"@id":"https:\/\/myauraagency.com\/#organization"},"potentialAction":[{"@type":"SearchAction","target":{"@type":"EntryPoint","urlTemplate":"https:\/\/myauraagency.com\/?s={search_term_string}"},"query-input":{"@type":"PropertyValueSpecification","valueRequired":true,"valueName":"search_term_string"}}],"inLanguage":"en-US"},{"@type":"Organization","@id":"https:\/\/myauraagency.com\/#organization","name":"My Aura Agency","url":"https:\/\/myauraagency.com\/","logo":{"@type":"ImageObject","inLanguage":"en-US","@id":"https:\/\/myauraagency.com\/#\/schema\/logo\/image\/","url":"https:\/\/myauraagency.com\/wp-content\/uploads\/2023\/06\/logo-my-aura-agency-communication.svg","contentUrl":"https:\/\/myauraagency.com\/wp-content\/uploads\/2023\/06\/logo-my-aura-agency-communication.svg","width":567,"height":251,"caption":"My Aura Agency"},"image":{"@id":"https:\/\/myauraagency.com\/#\/schema\/logo\/image\/"},"sameAs":["https:\/\/www.facebook.com\/profile.php?id=100093512554194","https:\/\/www.instagram.com\/myauraagency\/"]}]}},"_links":{"self":[{"href":"https:\/\/myauraagency.com\/en\/wp-json\/wp\/v2\/pages\/563","targetHints":{"allow":["GET"]}}],"collection":[{"href":"https:\/\/myauraagency.com\/en\/wp-json\/wp\/v2\/pages"}],"about":[{"href":"https:\/\/myauraagency.com\/en\/wp-json\/wp\/v2\/types\/page"}],"author":[{"embeddable":true,"href":"https:\/\/myauraagency.com\/en\/wp-json\/wp\/v2\/users\/1"}],"replies":[{"embeddable":true,"href":"https:\/\/myauraagency.com\/en\/wp-json\/wp\/v2\/comments?post=563"}],"version-history":[{"count":13,"href":"https:\/\/myauraagency.com\/en\/wp-json\/wp\/v2\/pages\/563\/revisions"}],"predecessor-version":[{"id":3130,"href":"https:\/\/myauraagency.com\/en\/wp-json\/wp\/v2\/pages\/563\/revisions\/3130"}],"wp:attachment":[{"href":"https:\/\/myauraagency.com\/en\/wp-json\/wp\/v2\/media?parent=563"}],"curies":[{"name":"wp","href":"https:\/\/api.w.org\/{rel}","templated":true}]}}